{"id":2113,"date":"2023-07-26T15:39:26","date_gmt":"2023-07-26T15:39:26","guid":{"rendered":"https:\/\/conseil-avocate.com\/?page_id=2113"},"modified":"2023-09-06T06:55:12","modified_gmt":"2023-09-06T06:55:12","slug":"droit-de-la-propriete-intellectuelle","status":"publish","type":"page","link":"https:\/\/conseil-avocate.com\/en\/droit-de-la-propriete-intellectuelle\/","title":{"rendered":"Intellectual Property Law"},"content":{"rendered":"<div data-elementor-type=\"wp-page\" data-elementor-id=\"2113\" class=\"elementor elementor-2113\" data-elementor-post-type=\"page\">\n\t\t\t\t\t\t<section class=\"elementor-section elementor-top-section elementor-element elementor-element-6c1d858 elementor-section-boxed elementor-section-height-default elementor-section-height-default\" data-id=\"6c1d858\" data-element_type=\"section\" data-e-type=\"section\">\n\t\t\t\t\t\t<div class=\"elementor-container elementor-column-gap-default\">\n\t\t\t\t\t<div class=\"elementor-column elementor-col-100 elementor-top-column elementor-element elementor-element-18dd154\" data-id=\"18dd154\" data-element_type=\"column\" data-e-type=\"column\">\n\t\t\t<div class=\"elementor-widget-wrap elementor-element-populated\">\n\t\t\t\t\t\t<div class=\"elementor-element elementor-element-a6a4816 elementor-widget elementor-widget-heading\" data-id=\"a6a4816\" data-element_type=\"widget\" data-e-type=\"widget\" data-widget_type=\"heading.default\">\n\t\t\t\t<div class=\"elementor-widget-container\">\n\t\t\t\t\t<h1 class=\"elementor-heading-title elementor-size-default\">Intellectual Property Law<\/h1>\t\t\t\t<\/div>\n\t\t\t\t<\/div>\n\t\t\t\t\t<\/div>\n\t\t<\/div>\n\t\t\t\t\t<\/div>\n\t\t<\/section>\n\t\t\t\t<section class=\"elementor-section elementor-top-section elementor-element elementor-element-5cde8d5 elementor-section-boxed elementor-section-height-default elementor-section-height-default\" data-id=\"5cde8d5\" data-element_type=\"section\" data-e-type=\"section\">\n\t\t\t\t\t\t<div class=\"elementor-container elementor-column-gap-default\">\n\t\t\t\t\t<div class=\"elementor-column elementor-col-100 elementor-top-column elementor-element elementor-element-bd0bc8b\" data-id=\"bd0bc8b\" data-element_type=\"column\" data-e-type=\"column\">\n\t\t\t<div class=\"elementor-widget-wrap elementor-element-populated\">\n\t\t\t\t\t\t<div class=\"elementor-element elementor-element-bb2d616 elementor-widget elementor-widget-text-editor\" data-id=\"bb2d616\" data-element_type=\"widget\" data-e-type=\"widget\" data-widget_type=\"text-editor.default\">\n\t\t\t\t<div class=\"elementor-widget-container\">\n\t\t\t\t\t\t\t\t\t<p><span style=\"font-size: 12pt; font-family: 'book antiqua', palatino, serif;\">Intellectual property is valuable and an essential asset for your business or artistic creation. That&#039;s why we offer our knowledge and professionalism to help you protect your ideas, innovations, brands, and artistic creations.<\/span><\/p>\n<p><span style=\"font-size: 12pt; font-family: 'book antiqua', palatino, serif;\">Whether you need legal advice to register a trademark, file a patent, or protect your copyright in Canada, France, or the United Arab Emirates, we are here to guide you every step of the way.<\/span><\/p>\n<p><span style=\"font-size: 12pt; font-family: 'book antiqua', palatino, serif;\">We take the time to understand your specific goals and needs in order to offer you tailor-made solutions that perfectly match your situation.<\/span><\/p>\n<p><span style=\"font-size: 12pt; font-family: 'book antiqua', palatino, serif;\">Our team is not only committed to providing you with quality legal advice, but also to keeping you informed of the progress of your case.<\/span><\/p>\n<p><span style=\"font-size: 12pt; font-family: 'book antiqua', palatino, serif;\">We also draft the legal notices for your websites so that they comply with European, Canadian, and Emirati legislation depending on your economic center of activity.<\/span><\/p>\n<p><span style=\"font-size: 12pt; font-family: 'book antiqua', palatino, serif;\">Please do not hesitate to contact our team today to discuss your intellectual property needs.&nbsp;<\/span><\/p>\t\t\t\t\t\t\t\t<\/div>\n\t\t\t\t<\/div>\n\t\t\t\t\t<\/div>\n\t\t<\/div>\n\t\t\t\t\t<\/div>\n\t\t<\/section>\n\t\t\t\t<section class=\"elementor-section elementor-top-section elementor-element elementor-element-470dbe4 elementor-section-boxed elementor-section-height-default elementor-section-height-default\" data-id=\"470dbe4\" data-element_type=\"section\" data-e-type=\"section\">\n\t\t\t\t\t\t<div class=\"elementor-container elementor-column-gap-default\">\n\t\t\t\t\t<div class=\"elementor-column elementor-col-100 elementor-top-column elementor-element elementor-element-64daa7c\" data-id=\"64daa7c\" data-element_type=\"column\" data-e-type=\"column\">\n\t\t\t<div class=\"elementor-widget-wrap elementor-element-populated\">\n\t\t\t\t\t\t<div class=\"elementor-element elementor-element-38c135c elementor-widget elementor-widget-image\" data-id=\"38c135c\" data-element_type=\"widget\" data-e-type=\"widget\" data-widget_type=\"image.default\">\n\t\t\t\t<div class=\"elementor-widget-container\">\n\t\t\t\t\t\t\t\t\t\t\t\t\t\t\t<img fetchpriority=\"high\" decoding=\"async\" width=\"768\" height=\"549\" src=\"https:\/\/conseil-avocate.com\/wp-content\/uploads\/2023\/07\/lock-g1ce173bb1_1280-1024x732.png\" class=\"attachment-large size-large wp-image-2163\" alt=\"\" srcset=\"https:\/\/conseil-avocate.com\/wp-content\/uploads\/2023\/07\/lock-g1ce173bb1_1280-1024x732.png 1024w, https:\/\/conseil-avocate.com\/wp-content\/uploads\/2023\/07\/lock-g1ce173bb1_1280-300x214.png 300w, https:\/\/conseil-avocate.com\/wp-content\/uploads\/2023\/07\/lock-g1ce173bb1_1280-768x549.png 768w, https:\/\/conseil-avocate.com\/wp-content\/uploads\/2023\/07\/lock-g1ce173bb1_1280.png 1280w\" sizes=\"(max-width: 768px) 100vw, 768px\" \/>\t\t\t\t\t\t\t\t\t\t\t\t\t\t\t<\/div>\n\t\t\t\t<\/div>\n\t\t\t\t\t<\/div>\n\t\t<\/div>\n\t\t\t\t\t<\/div>\n\t\t<\/section>\n\t\t\t\t<\/div>","protected":false},"excerpt":{"rendered":"<p>Droit de la propri\u00e9t\u00e9 intellectuelle La propri\u00e9t\u00e9 intellectuelle est pr\u00e9cieuse et constitue un actif essentiel pour votre entreprise ou votre cr\u00e9ation artistique. C&rsquo;est pourquoi nous mettons \u00e0 votre disposition notre savoir et notre professionnalisme pour vous aider \u00e0 prot\u00e9ger vos id\u00e9es, vos innovations, vos marques et vos cr\u00e9ations artistiques. Que vous ayez besoin de conseils [&hellip;]<\/p>","protected":false},"author":1,"featured_media":0,"parent":0,"menu_order":0,"comment_status":"closed","ping_status":"closed","template":"elementor_header_footer","meta":{"footnotes":""},"class_list":["post-2113","page","type-page","status-publish","hentry"],"_links":{"self":[{"href":"https:\/\/conseil-avocate.com\/en\/wp-json\/wp\/v2\/pages\/2113","targetHints":{"allow":["GET"]}}],"collection":[{"href":"https:\/\/conseil-avocate.com\/en\/wp-json\/wp\/v2\/pages"}],"about":[{"href":"https:\/\/conseil-avocate.com\/en\/wp-json\/wp\/v2\/types\/page"}],"author":[{"embeddable":true,"href":"https:\/\/conseil-avocate.com\/en\/wp-json\/wp\/v2\/users\/1"}],"replies":[{"embeddable":true,"href":"https:\/\/conseil-avocate.com\/en\/wp-json\/wp\/v2\/comments?post=2113"}],"version-history":[{"count":10,"href":"https:\/\/conseil-avocate.com\/en\/wp-json\/wp\/v2\/pages\/2113\/revisions"}],"predecessor-version":[{"id":2648,"href":"https:\/\/conseil-avocate.com\/en\/wp-json\/wp\/v2\/pages\/2113\/revisions\/2648"}],"wp:attachment":[{"href":"https:\/\/conseil-avocate.com\/en\/wp-json\/wp\/v2\/media?parent=2113"}],"curies":[{"name":"wp","href":"https:\/\/api.w.org\/{rel}","templated":true}]}}