{"id":52,"date":"2019-09-16T17:30:39","date_gmt":"2019-09-16T17:30:39","guid":{"rendered":"https:\/\/conseilavocate.live-website.com\/?page_id=52"},"modified":"2023-04-28T11:59:57","modified_gmt":"2023-04-28T11:59:57","slug":"droit-des-expatries","status":"publish","type":"page","link":"https:\/\/conseil-avocate.com\/en\/droit-des-expatries\/","title":{"rendered":"FRENCH EXPATRIATE RIGHTS"},"content":{"rendered":"<div data-elementor-type=\"wp-post\" data-elementor-id=\"52\" class=\"elementor elementor-52\" data-elementor-post-type=\"page\">\n\t\t\t\t\t\t<section class=\"elementor-section elementor-top-section elementor-element elementor-element-5652952 elementor-section-boxed elementor-section-height-default elementor-section-height-default\" data-id=\"5652952\" data-element_type=\"section\" data-e-type=\"section\">\n\t\t\t\t\t\t<div class=\"elementor-container elementor-column-gap-default\">\n\t\t\t\t\t<div class=\"elementor-column elementor-col-100 elementor-top-column elementor-element elementor-element-775867c\" data-id=\"775867c\" data-element_type=\"column\" data-e-type=\"column\">\n\t\t\t<div class=\"elementor-widget-wrap elementor-element-populated\">\n\t\t\t\t\t\t<div class=\"elementor-element elementor-element-fe452fb elementor-widget elementor-widget-text-editor\" data-id=\"fe452fb\" data-element_type=\"widget\" data-e-type=\"widget\" data-widget_type=\"text-editor.default\">\n\t\t\t\t<div class=\"elementor-widget-container\">\n\t\t\t\t\t\t\t\t\t<p><strong><span style=\"font-size: 14pt; font-family: 'book antiqua', palatino, serif;\">FRENCH EXPATRIATE RIGHTS<\/span><\/strong><\/p>\n<p><span style=\"font-weight: 400; font-family: 'book antiqua', palatino, serif;\">As wonderful as expatriation is, for a large number of French people abroad it remains a source of legal issues that are difficult to manage remotely.<\/span><\/p>\n<p><span style=\"font-weight: 400; font-family: 'book antiqua', palatino, serif;\">No matter where you are in the world, whatever your profession, the reason for your departure abroad or your current connection with France, as a French expatriate, the issues related to French law remain.<\/span><\/p>\n<p><span style=\"font-weight: 400; font-family: 'book antiqua', palatino, serif;\">Ms. Justine Basilio will assist you with all the legal procedures that bind you to your country of origin for a peaceful expatriation.<\/span><\/p>\n<p><span style=\"font-weight: 400; font-family: 'book antiqua', palatino, serif;\">French law is everywhere...<\/span><\/p>\n<p><span style=\"font-weight: 400; font-family: 'book antiqua', palatino, serif;\">Whether it is to support you in <\/span><span style=\"font-family: 'book antiqua', palatino, serif;\"><b>the life of your company<\/b><\/span><span style=\"font-weight: 400; font-family: 'book antiqua', palatino, serif;\"> still existing in France, or on the contrary for the creation of a company in France while you are currently abroad.&nbsp;<\/span><\/p>\n<p><span style=\"font-weight: 400; font-family: 'book antiqua', palatino, serif;\">Whether it is to manage or help you in <\/span><span style=\"font-family: 'book antiqua', palatino, serif;\"><b>your French tax returns<\/b><\/span><span style=\"font-weight: 400; font-family: 'book antiqua', palatino, serif;\">&nbsp;due to a building, property, or income that is still French or to allow you to avoid double taxation between your host country and your country of origin.&nbsp;&nbsp;<\/span><\/p>\n<p><span style=\"font-weight: 400; font-family: 'book antiqua', palatino, serif;\">Whether it is to assist you in <\/span><span style=\"font-family: 'book antiqua', palatino, serif;\"><b>your procedures with the French administrations<\/b><\/span><span style=\"font-weight: 400; font-family: 'book antiqua', palatino, serif;\"> for all stages of your life which, as a French person, require an inevitable link with France.<\/span><\/p>\n<p><span style=\"font-weight: 400; font-family: &quot;book antiqua&quot;, palatino, serif;\">Or more generally for <\/span><span style=\"font-family: &quot;book antiqua&quot;, palatino, serif;\"><b style=\"\">a consultation or dispute in French law.&nbsp;<\/b><\/span><\/p>\n<p><span style=\"font-family: 'book antiqua', palatino, serif;\"><b>&nbsp;<\/b><\/span><\/p>\t\t\t\t\t\t\t\t<\/div>\n\t\t\t\t<\/div>\n\t\t\t\t<div class=\"elementor-element elementor-element-6d6edac elementor-widget elementor-widget-image\" data-id=\"6d6edac\" data-element_type=\"widget\" data-e-type=\"widget\" data-widget_type=\"image.default\">\n\t\t\t\t<div class=\"elementor-widget-container\">\n\t\t\t\t\t\t\t\t\t\t\t\t\t\t\t<img decoding=\"async\" src=\"https:\/\/conseil-avocate.com\/wp-content\/uploads\/elementor\/thumbs\/Capture-decran-2023-04-14-a-09.47.50-1-q9jifv12rgue9ygk7q3dhjjj4x2lgnn8spd7ir83vk.png\" title=\"Screenshot 2023-04-14 at 09.47.50 (1)\" alt=\"Capture d\u2019e\u0301cran 2023-04-14 a\u0300 09.47.50 (1)\" loading=\"lazy\" \/>\t\t\t\t\t\t\t\t\t\t\t\t\t\t\t<\/div>\n\t\t\t\t<\/div>\n\t\t\t\t\t<\/div>\n\t\t<\/div>\n\t\t\t\t\t<\/div>\n\t\t<\/section>\n\t\t\t\t<section class=\"elementor-section elementor-top-section elementor-element elementor-element-cf2be43 elementor-section-boxed elementor-section-height-default elementor-section-height-default\" data-id=\"cf2be43\" data-element_type=\"section\" data-e-type=\"section\">\n\t\t\t\t\t\t<div class=\"elementor-container elementor-column-gap-default\">\n\t\t\t\t\t<div class=\"elementor-column elementor-col-100 elementor-top-column elementor-element elementor-element-44848a5\" data-id=\"44848a5\" data-element_type=\"column\" data-e-type=\"column\">\n\t\t\t<div class=\"elementor-widget-wrap\">\n\t\t\t\t\t\t\t<\/div>\n\t\t<\/div>\n\t\t\t\t\t<\/div>\n\t\t<\/section>\n\t\t\t\t<\/div>","protected":false},"excerpt":{"rendered":"<p>DROIT DES EXPATRI\u00c9S FRAN\u00c7AIS Aussi merveilleuse que l\u2019expatriation soit, cette derni\u00e8re reste pour un grand nombre de fran\u00e7ais \u00e0 l\u2019\u00e9tranger une source d\u2019enjeux juridiques difficiles \u00e0 g\u00e9rer \u00e0 distance. Peu importe o\u00f9 vous soyez dans le monde, quel que soit votre profession, la raison de votre d\u00e9part \u00e0 l\u2019\u00e9tranger ou votre lien encore actuel avec [&hellip;]<\/p>","protected":false},"author":1,"featured_media":0,"parent":0,"menu_order":0,"comment_status":"closed","ping_status":"closed","template":"elementor_header_footer","meta":{"footnotes":""},"class_list":["post-52","page","type-page","status-publish","hentry"],"_links":{"self":[{"href":"https:\/\/conseil-avocate.com\/en\/wp-json\/wp\/v2\/pages\/52","targetHints":{"allow":["GET"]}}],"collection":[{"href":"https:\/\/conseil-avocate.com\/en\/wp-json\/wp\/v2\/pages"}],"about":[{"href":"https:\/\/conseil-avocate.com\/en\/wp-json\/wp\/v2\/types\/page"}],"author":[{"embeddable":true,"href":"https:\/\/conseil-avocate.com\/en\/wp-json\/wp\/v2\/users\/1"}],"replies":[{"embeddable":true,"href":"https:\/\/conseil-avocate.com\/en\/wp-json\/wp\/v2\/comments?post=52"}],"version-history":[{"count":22,"href":"https:\/\/conseil-avocate.com\/en\/wp-json\/wp\/v2\/pages\/52\/revisions"}],"predecessor-version":[{"id":1416,"href":"https:\/\/conseil-avocate.com\/en\/wp-json\/wp\/v2\/pages\/52\/revisions\/1416"}],"wp:attachment":[{"href":"https:\/\/conseil-avocate.com\/en\/wp-json\/wp\/v2\/media?parent=52"}],"curies":[{"name":"wp","href":"https:\/\/api.w.org\/{rel}","templated":true}]}}